{"id":11,"date":"2025-11-26T02:00:16","date_gmt":"2025-11-26T08:00:16","guid":{"rendered":"https:\/\/oaxacamaya.directorio-comercial.com\/?page_id=11"},"modified":"2025-11-26T02:17:19","modified_gmt":"2025-11-26T08:17:19","slug":"como-llegar","status":"publish","type":"page","link":"https:\/\/oaxacamaya.directorio-comercial.com\/?page_id=11","title":{"rendered":"Como llegar"},"content":{"rendered":"\n<div class=\"wp-block-group is-layout-flow wp-block-group-is-layout-flow\" style=\"padding-right:0;padding-left:0\">\n<div class=\"wp-block-group alignfull is-nowrap is-layout-flex wp-container-core-group-is-layout-b6b71352 wp-block-group-is-layout-flex\" style=\"padding-right:0;padding-left:0\">\n<h2 class=\"wp-block-heading has-base-2-color has-text-color has-background has-link-color wp-elements-f08d07f6e7445aaa2c18ecbf46d23cd9\" style=\"border-bottom-right-radius:29px;background-color:#b42218;padding-top:0;padding-right:var(--wp--preset--spacing--10);padding-bottom:0;padding-left:var(--wp--preset--spacing--10)\">\u00bfD\u00f3nde puedes encontrarnos?<\/h2>\n<\/div>\n<\/div>\n\n\n\n<div class=\"wp-block-group has-global-padding is-layout-constrained wp-block-group-is-layout-constrained\">\n<div class=\"wp-block-group alignwide is-vertical is-content-justification-center is-layout-flex wp-container-core-group-is-layout-ce155fab wp-block-group-is-layout-flex\">\n<h2 class=\"wp-block-heading has-text-align-center\">Ubicaci\u00f3n 1<\/h2>\n\n\n\n<div class=\"wp-block-group is-nowrap is-layout-flex wp-container-core-group-is-layout-6c531013 wp-block-group-is-layout-flex\">\n<iframe src=\"https:\/\/www.google.com\/maps\/embed?pb=!1m18!1m12!1m3!1d549.314881748352!2d-102.28856004577695!3d22.15130454132533!2m3!1f0!2f0!3f0!3m2!1i1024!2i768!4f13.1!3m3!1m2!1s0x8429e29d3e401945%3A0x6263b89a7c4634df!2sAv%20Vergel%2C%2020678%20Pabell%C3%B3n%20de%20Arteaga%2C%20Ags.!5e0!3m2!1ses-419!2smx!4v1764144946982!5m2!1ses-419!2smx\" width=\"350\" height=\"350\" style=\"border:0;\" allowfullscreen=\"\" loading=\"lazy\" referrerpolicy=\"no-referrer-when-downgrade\"><\/iframe>\n<\/div>\n<\/div>\n\n\n\n<div class=\"wp-block-group alignwide is-vertical is-content-justification-center is-layout-flex wp-container-core-group-is-layout-ce155fab wp-block-group-is-layout-flex\">\n<h2 class=\"wp-block-heading has-text-align-center\">Ubicaci\u00f3n 2<\/h2>\n\n\n\n<div class=\"wp-block-group is-nowrap is-layout-flex wp-container-core-group-is-layout-6c531013 wp-block-group-is-layout-flex\">\n<iframe src=\"https:\/\/www.google.com\/maps\/embed?pb=!1m18!1m12!1m3!1d923.8580447580697!2d-102.27727137147332!3d22.147615240884402!2m3!1f0!2f0!3f0!3m2!1i1024!2i768!4f13.1!3m3!1m2!1s0x8429e2a1f6aba4dd%3A0x186755443307301b!2sHeroico%20Colegio%20Militar%20%26%20Avenida%20Plutarco%20El%C3%ADas%20Calles%2C%20Zona%20Centro%2C%2020670%20Pabell%C3%B3n%20de%20Arteaga%2C%20Ags.!5e0!3m2!1ses-419!2smx!4v1764145014599!5m2!1ses-419!2smx\" width=\"350\" height=\"350\" style=\"border:0;\" allowfullscreen=\"\" loading=\"lazy\" referrerpolicy=\"no-referrer-when-downgrade\"><\/iframe>\n<\/div>\n<\/div>\n<\/div>\n","protected":false},"excerpt":{"rendered":"<p>\u00bfD\u00f3nde puedes encontrarnos? Ubicaci\u00f3n 1 Ubicaci\u00f3n 2<\/p>\n","protected":false},"author":1,"featured_media":0,"parent":0,"menu_order":0,"comment_status":"closed","ping_status":"closed","template":"page-no-title","meta":{"_acf_changed":false,"footnotes":""},"class_list":["post-11","page","type-page","status-publish","hentry"],"acf":[],"_links":{"self":[{"href":"https:\/\/oaxacamaya.directorio-comercial.com\/index.php?rest_route=\/wp\/v2\/pages\/11","targetHints":{"allow":["GET"]}}],"collection":[{"href":"https:\/\/oaxacamaya.directorio-comercial.com\/index.php?rest_route=\/wp\/v2\/pages"}],"about":[{"href":"https:\/\/oaxacamaya.directorio-comercial.com\/index.php?rest_route=\/wp\/v2\/types\/page"}],"author":[{"embeddable":true,"href":"https:\/\/oaxacamaya.directorio-comercial.com\/index.php?rest_route=\/wp\/v2\/users\/1"}],"replies":[{"embeddable":true,"href":"https:\/\/oaxacamaya.directorio-comercial.com\/index.php?rest_route=%2Fwp%2Fv2%2Fcomments&post=11"}],"version-history":[{"count":2,"href":"https:\/\/oaxacamaya.directorio-comercial.com\/index.php?rest_route=\/wp\/v2\/pages\/11\/revisions"}],"predecessor-version":[{"id":28,"href":"https:\/\/oaxacamaya.directorio-comercial.com\/index.php?rest_route=\/wp\/v2\/pages\/11\/revisions\/28"}],"wp:attachment":[{"href":"https:\/\/oaxacamaya.directorio-comercial.com\/index.php?rest_route=%2Fwp%2Fv2%2Fmedia&parent=11"}],"curies":[{"name":"wp","href":"https:\/\/api.w.org\/{rel}","templated":true}]}}