{"id":9,"date":"2025-11-26T01:59:53","date_gmt":"2025-11-26T07:59:53","guid":{"rendered":"https:\/\/oaxacamaya.directorio-comercial.com\/?page_id=9"},"modified":"2025-12-04T17:58:28","modified_gmt":"2025-12-04T23:58:28","slug":"inicio","status":"publish","type":"page","link":"https:\/\/oaxacamaya.directorio-comercial.com\/","title":{"rendered":"Inicio"},"content":{"rendered":"\n<div class=\"wp-block-columns is-not-stacked-on-mobile is-layout-flex wp-container-core-columns-is-layout-28f84493 wp-block-columns-is-layout-flex\">\n<div class=\"wp-block-column is-layout-flow wp-block-column-is-layout-flow\" style=\"flex-basis:2%\"><\/div>\n\n\n\n<div class=\"wp-block-column is-layout-flow wp-block-column-is-layout-flow\" style=\"flex-basis:96%\">\n<div class=\"wp-block-group is-content-justification-center is-nowrap is-layout-flex wp-container-core-group-is-layout-23441af8 wp-block-group-is-layout-flex\">\n<img loading=\"lazy\" decoding=\"async\" width=\"1280\" height=\"562\" data-media-id=\"15\" class=\"gb-media-21f28910\" alt=\"\" src=\"https:\/\/oaxacamaya.directorio-comercial.com\/wp-content\/uploads\/2025\/11\/poster.jpg\" srcset=\"https:\/\/oaxacamaya.directorio-comercial.com\/wp-content\/uploads\/2025\/11\/poster.jpg 1280w, https:\/\/oaxacamaya.directorio-comercial.com\/wp-content\/uploads\/2025\/11\/poster-300x132.jpg 300w, https:\/\/oaxacamaya.directorio-comercial.com\/wp-content\/uploads\/2025\/11\/poster-1024x450.jpg 1024w, https:\/\/oaxacamaya.directorio-comercial.com\/wp-content\/uploads\/2025\/11\/poster-768x337.jpg 768w\" sizes=\"auto, (max-width: 1280px) 100vw, 1280px\" \/>\n<\/div>\n<\/div>\n\n\n\n<div class=\"wp-block-column is-layout-flow wp-block-column-is-layout-flow\" style=\"flex-basis:2%\"><\/div>\n<\/div>\n\n\n\n<div class=\"wp-block-group has-global-padding is-layout-constrained wp-block-group-is-layout-constrained\">\n<h2 class=\"gb-text gb-text-c2fe686f\">Conoce un poco de nosotros<\/h2>\n\n\n\n<p class=\"gb-text gb-text-6f640fc4\">\u00a1Oaxaca Maya te trae la nueva experiencia de licores y sabores en Pabell\u00f3n de Arteaga!\r\n\r\nDisfruta el mejor ambiente, m\u00fasica incre\u00edble y un servicio que te va a encantar. \u00a1Ven y vive la experiencia!<\/p>\n\n\n\n\n\n\n<\/div>\n","protected":false},"excerpt":{"rendered":"<p>Conoce un poco de nosotros \u00a1Oaxaca Maya te trae la nueva experiencia de licores y sabores en Pabell\u00f3n de Arteaga! Disfruta el mejor ambiente, m\u00fasica incre\u00edble y un servicio que te va a encantar. \u00a1Ven y vive la experiencia!<\/p>\n","protected":false},"author":1,"featured_media":0,"parent":0,"menu_order":0,"comment_status":"closed","ping_status":"closed","template":"page-no-title","meta":{"_acf_changed":false,"footnotes":""},"class_list":["post-9","page","type-page","status-publish","hentry"],"acf":[],"_links":{"self":[{"href":"https:\/\/oaxacamaya.directorio-comercial.com\/index.php?rest_route=\/wp\/v2\/pages\/9","targetHints":{"allow":["GET"]}}],"collection":[{"href":"https:\/\/oaxacamaya.directorio-comercial.com\/index.php?rest_route=\/wp\/v2\/pages"}],"about":[{"href":"https:\/\/oaxacamaya.directorio-comercial.com\/index.php?rest_route=\/wp\/v2\/types\/page"}],"author":[{"embeddable":true,"href":"https:\/\/oaxacamaya.directorio-comercial.com\/index.php?rest_route=\/wp\/v2\/users\/1"}],"replies":[{"embeddable":true,"href":"https:\/\/oaxacamaya.directorio-comercial.com\/index.php?rest_route=%2Fwp%2Fv2%2Fcomments&post=9"}],"version-history":[{"count":5,"href":"https:\/\/oaxacamaya.directorio-comercial.com\/index.php?rest_route=\/wp\/v2\/pages\/9\/revisions"}],"predecessor-version":[{"id":45,"href":"https:\/\/oaxacamaya.directorio-comercial.com\/index.php?rest_route=\/wp\/v2\/pages\/9\/revisions\/45"}],"wp:attachment":[{"href":"https:\/\/oaxacamaya.directorio-comercial.com\/index.php?rest_route=%2Fwp%2Fv2%2Fmedia&parent=9"}],"curies":[{"name":"wp","href":"https:\/\/api.w.org\/{rel}","templated":true}]}}